{"id":8344,"date":"2022-03-18T14:01:39","date_gmt":"2022-03-18T14:01:39","guid":{"rendered":"http:\/\/www.donamaria.eus\/?page_id=8344"},"modified":"2024-09-11T12:48:29","modified_gmt":"2024-09-11T12:48:29","slug":"zergadunaren-egutegia","status":"publish","type":"page","link":"http:\/\/www.donamaria.eus\/es\/zergadunaren-egutegia\/","title":{"rendered":"Calendario del contribuyente"},"content":{"rendered":"<p><strong>Impuesto de Circulaci\u00f3n<\/strong><em>: <u>Anual<\/u>: Se girar\u00e1 en marzo<\/em><\/p>\n<p><strong>Contribuci\u00f3n<\/strong><em>: <u>Anual:<\/u> Se girar\u00e1 en octubre<\/em><\/p>\n<p><strong><em>Agua<\/em><\/strong><em>: <u>Semestral:<\/u> 1. semestre se realizar\u00e1 en febrero y el 2. semestre en Julio.<\/em><\/p>\n<p><strong>Impuestos no peri\u00f3dicos <\/strong>(<em>tasas, precios p\u00fablicos, plusval\u00edas,\u00a0etc.).<\/em><\/p>\n<p><em>Conforme se utilicen se girar\u00e1. <\/em><\/p>\n<p>&nbsp;<\/p>\n<p><strong><em>Nota: a los recibos devueltos por diversas causas se les aplicar\u00e1 el gasto de devoluci\u00f3n, cualquier cambio de cuenta deber\u00e1n notificar en el Ayuntamiento.<\/em><\/strong><\/p>","protected":false},"excerpt":{"rendered":"<p>Impuesto de Circulaci\u00f3n: Anual: Se girar\u00e1 en marzo Contribuci\u00f3n: Anual: Se girar\u00e1 en octubre Agua: Semestral: 1. semestre se realizar\u00e1 en febrero y el 2. semestre en Julio. Impuestos no peri\u00f3dicos (tasas, precios p\u00fablicos, plusval\u00edas,\u00a0etc.). Conforme se utilicen se girar\u00e1.&hellip; <\/p>\n","protected":false},"author":19041,"featured_media":0,"parent":0,"menu_order":1,"comment_status":"closed","ping_status":"closed","template":"","meta":{"_monsterinsights_skip_tracking":false,"_monsterinsights_sitenote_active":false,"_monsterinsights_sitenote_note":"","_monsterinsights_sitenote_category":0,"footnotes":""},"class_list":["post-8344","page","type-page","status-publish","hentry"],"yoast_head":"<!-- This site is optimized with the Yoast SEO plugin v26.8 - https:\/\/yoast.com\/product\/yoast-seo-wordpress\/ -->\r\n<title>Calendario del contribuyente - Ayuntamiento de Donamaria<\/title>\r\n<meta name=\"robots\" content=\"index, follow, max-snippet:-1, max-image-preview:large, max-video-preview:-1\" \/>\r\n<link rel=\"canonical\" href=\"http:\/\/www.donamaria.eus\/es\/zergadunaren-egutegia\/\" \/>\r\n<meta property=\"og:locale\" content=\"es_ES\" \/>\r\n<meta property=\"og:type\" content=\"article\" \/>\r\n<meta property=\"og:title\" content=\"Calendario del contribuyente - Ayuntamiento de Donamaria\" \/>\r\n<meta property=\"og:description\" content=\"Impuesto de Circulaci\u00f3n: Anual: Se girar\u00e1 en marzo Contribuci\u00f3n: Anual: Se girar\u00e1 en octubre Agua: Semestral: 1. semestre se realizar\u00e1 en febrero y el 2. semestre en Julio. Impuestos no peri\u00f3dicos (tasas, precios p\u00fablicos, plusval\u00edas,\u00a0etc.). Conforme se utilicen se girar\u00e1.&hellip;\" \/>\r\n<meta property=\"og:url\" content=\"http:\/\/www.donamaria.eus\/es\/zergadunaren-egutegia\/\" \/>\r\n<meta property=\"og:site_name\" content=\"Ayuntamiento de Donamaria\" \/>\r\n<meta property=\"article:modified_time\" content=\"2024-09-11T12:48:29+00:00\" \/>\r\n<meta name=\"twitter:card\" content=\"summary_large_image\" \/>\r\n<meta name=\"twitter:label1\" content=\"Tiempo de lectura\" \/>\n\t<meta name=\"twitter:data1\" content=\"1 minuto\" \/>\r\n<script type=\"application\/ld+json\" class=\"yoast-schema-graph\">{\"@context\":\"https:\/\/schema.org\",\"@graph\":[{\"@type\":\"WebPage\",\"@id\":\"http:\/\/www.donamaria.eus\/es\/zergadunaren-egutegia\/\",\"url\":\"http:\/\/www.donamaria.eus\/es\/zergadunaren-egutegia\/\",\"name\":\"Calendario del contribuyente - Ayuntamiento de Donamaria\",\"isPartOf\":{\"@id\":\"http:\/\/www.donamaria.eus\/es\/#website\"},\"datePublished\":\"2022-03-18T14:01:39+00:00\",\"dateModified\":\"2024-09-11T12:48:29+00:00\",\"breadcrumb\":{\"@id\":\"http:\/\/www.donamaria.eus\/es\/zergadunaren-egutegia\/#breadcrumb\"},\"inLanguage\":\"es\",\"potentialAction\":[{\"@type\":\"ReadAction\",\"target\":[[\"http:\/\/www.donamaria.eus\/es\/zergadunaren-egutegia\/\"]]}]},{\"@type\":\"BreadcrumbList\",\"@id\":\"http:\/\/www.donamaria.eus\/es\/zergadunaren-egutegia\/#breadcrumb\",\"itemListElement\":[{\"@type\":\"ListItem\",\"position\":1,\"name\":\"Home\",\"item\":\"http:\/\/www.donamaria.eus\/es\/\"},{\"@type\":\"ListItem\",\"position\":2,\"name\":\"Zergadunaren egutegia\"}]},{\"@type\":\"WebSite\",\"@id\":\"http:\/\/www.donamaria.eus\/es\/#website\",\"url\":\"http:\/\/www.donamaria.eus\/es\/\",\"name\":\"Ayuntamiento de Donamaria\",\"description\":\"\",\"potentialAction\":[{\"@type\":\"SearchAction\",\"target\":{\"@type\":\"EntryPoint\",\"urlTemplate\":\"http:\/\/www.donamaria.eus\/es\/?s={search_term_string}\"},\"query-input\":{\"@type\":\"PropertyValueSpecification\",\"valueRequired\":true,\"valueName\":\"search_term_string\"}}],\"inLanguage\":\"es\"}]}<\/script>\r\n<!-- \/ Yoast SEO plugin. -->","yoast_head_json":{"title":"Calendario del contribuyente - Ayuntamiento de Donamaria","robots":{"index":"index","follow":"follow","max-snippet":"max-snippet:-1","max-image-preview":"max-image-preview:large","max-video-preview":"max-video-preview:-1"},"canonical":"http:\/\/www.donamaria.eus\/es\/zergadunaren-egutegia\/","og_locale":"es_ES","og_type":"article","og_title":"Calendario del contribuyente - Ayuntamiento de Donamaria","og_description":"Impuesto de Circulaci\u00f3n: Anual: Se girar\u00e1 en marzo Contribuci\u00f3n: Anual: Se girar\u00e1 en octubre Agua: Semestral: 1. semestre se realizar\u00e1 en febrero y el 2. semestre en Julio. Impuestos no peri\u00f3dicos (tasas, precios p\u00fablicos, plusval\u00edas,\u00a0etc.). Conforme se utilicen se girar\u00e1.&hellip;","og_url":"http:\/\/www.donamaria.eus\/es\/zergadunaren-egutegia\/","og_site_name":"Ayuntamiento de Donamaria","article_modified_time":"2024-09-11T12:48:29+00:00","twitter_card":"summary_large_image","twitter_misc":{"Tiempo de lectura":"1 minuto"},"schema":{"@context":"https:\/\/schema.org","@graph":[{"@type":"WebPage","@id":"http:\/\/www.donamaria.eus\/es\/zergadunaren-egutegia\/","url":"http:\/\/www.donamaria.eus\/es\/zergadunaren-egutegia\/","name":"Calendario del contribuyente - Ayuntamiento de Donamaria","isPartOf":{"@id":"http:\/\/www.donamaria.eus\/es\/#website"},"datePublished":"2022-03-18T14:01:39+00:00","dateModified":"2024-09-11T12:48:29+00:00","breadcrumb":{"@id":"http:\/\/www.donamaria.eus\/es\/zergadunaren-egutegia\/#breadcrumb"},"inLanguage":"es","potentialAction":[{"@type":"ReadAction","target":[["http:\/\/www.donamaria.eus\/es\/zergadunaren-egutegia\/"]]}]},{"@type":"BreadcrumbList","@id":"http:\/\/www.donamaria.eus\/es\/zergadunaren-egutegia\/#breadcrumb","itemListElement":[{"@type":"ListItem","position":1,"name":"Home","item":"http:\/\/www.donamaria.eus\/es\/"},{"@type":"ListItem","position":2,"name":"Zergadunaren egutegia"}]},{"@type":"WebSite","@id":"http:\/\/www.donamaria.eus\/es\/#website","url":"http:\/\/www.donamaria.eus\/es\/","name":"Ayuntamiento de Donamaria","description":"","potentialAction":[{"@type":"SearchAction","target":{"@type":"EntryPoint","urlTemplate":"http:\/\/www.donamaria.eus\/es\/?s={search_term_string}"},"query-input":{"@type":"PropertyValueSpecification","valueRequired":true,"valueName":"search_term_string"}}],"inLanguage":"es"}]}},"_links":{"self":[{"href":"http:\/\/www.donamaria.eus\/es\/wp-json\/wp\/v2\/pages\/8344","targetHints":{"allow":["GET"]}}],"collection":[{"href":"http:\/\/www.donamaria.eus\/es\/wp-json\/wp\/v2\/pages"}],"about":[{"href":"http:\/\/www.donamaria.eus\/es\/wp-json\/wp\/v2\/types\/page"}],"author":[{"embeddable":true,"href":"http:\/\/www.donamaria.eus\/es\/wp-json\/wp\/v2\/users\/19041"}],"replies":[{"embeddable":true,"href":"http:\/\/www.donamaria.eus\/es\/wp-json\/wp\/v2\/comments?post=8344"}],"version-history":[{"count":10,"href":"http:\/\/www.donamaria.eus\/es\/wp-json\/wp\/v2\/pages\/8344\/revisions"}],"predecessor-version":[{"id":8796,"href":"http:\/\/www.donamaria.eus\/es\/wp-json\/wp\/v2\/pages\/8344\/revisions\/8796"}],"wp:attachment":[{"href":"http:\/\/www.donamaria.eus\/es\/wp-json\/wp\/v2\/media?parent=8344"}],"curies":[{"name":"wp","href":"https:\/\/api.w.org\/{rel}","templated":true}]}}