{"id":8,"date":"2017-08-22T08:30:16","date_gmt":"2017-08-22T08:30:16","guid":{"rendered":"http:\/\/www.donamaria.eus\/?page_id=8"},"modified":"2026-03-23T12:51:14","modified_gmt":"2026-03-23T12:51:14","slug":"udala","status":"publish","type":"page","link":"http:\/\/www.donamaria.eus\/es\/udala\/","title":{"rendered":"Ayuntamiento"},"content":{"rendered":"<p><\/p>\n<ul class=\"datoslocalizacion\">\n<li><strong>Horario de las oficinas:<\/strong>\n<ul>\n<li style=\"list-style-type: none\">\n<ul>\n<li style=\"list-style-type: none\">\n<ul>\n<li style=\"list-style-type: none\">\n<ul class=\"datoslocalizacion\">\n<li>Lunes: 12:00h. \u00a0a 15:00h<\/li>\n<li>Mi\u00e9rcoles: 11:00h a 15:00h<\/li>\n<li>Viernes: 12:00h a\u00a0 15:00h<\/li>\n<\/ul>\n<\/li>\n<\/ul>\n<\/li>\n<\/ul>\n<\/li>\n<\/ul>\n<\/li>\n<li><strong>Direcci\u00f3n:<\/strong> Uxarrea auzoa 77-P01 (Herriko Etxea). 31750 Donamar\u00eda (Navarra)<\/li>\n<li><strong>Tel\u00e9fono:<\/strong> 948 45 01 27<\/li>\n<li><strong>E-mail:<\/strong> <a href=\"mailto:udala@donamaria.eus\">udala@donamaria.eus<\/a><\/li>\n<li><img decoding=\"async\" src=\"http:\/\/www.donamaria.org\/imgs\/pixel.gif\" alt=\"abrir\u00e1 su programa de correo predeterminado\" border=\"0\" \/><\/li>\n<\/ul>\n<p><strong>Alcalde\/Alcaldesa:<\/strong><\/p>\n<ul>\n<li>Natalia Rekarte Oteiza. Herriarengatik.<\/li>\n<li>Telefono: 722722163<\/li>\n<li>E-mail: alkatetza@donamaria.eus<\/li>\n<\/ul>\n<p><strong>\u00a0\u00a0\u00a0\u00a0\u00a0\u00a0\u00a0\u00a0\u00a0 Concejales:<\/strong><\/p>\n<ul>\n<li style=\"list-style-type: none\">\n<ul>\n<li>Naiara Aizpuru Sagaseta. Teniente Alcalde &#8211; Herriarengatik.<\/li>\n<li>Juan Javier Leache Oskoz &#8211; Herriarengatik.<\/li>\n<li>Francisco Javier Lizasoain Ariztia &#8211; Herriarengatik<\/li>\n<li>Maria Natividad Baranguan Zozaya &#8211; Herriarengatik.<\/li>\n<li>Carlos Ezkurra Leonet &#8211; Herriarengatik.<\/li>\n<\/ul>\n<p>&nbsp;<\/li>\n<\/ul>\n<p><strong>\u00a0 \u00a0 \u00a0 \u00a0 Secretario accidental:<\/strong><\/p>\n<ul>\n<li>Jon Etxague Goia<\/li>\n<\/ul>\n<ul>\n<li><strong>Ayuntamiento de:<\/strong>\u00a0Donamar\u00eda<\/li>\n<li><strong>Comunidad Aut\u00f3noma:<\/strong>\u00a0Navarra<\/li>\n<li><strong>Provincia:<\/strong>\u00a0Navarra<\/li>\n<li><strong>Categor\u00eda hist\u00f3rica:<\/strong>\u00a0Lugar<\/li>\n<li><strong>Categor\u00eda Administrativa:<\/strong>\u00a0Ayuntamiento<\/li>\n<li><strong>Partido Judicial:<\/strong>\u00a0Pamplona<\/li>\n<li><strong>Merindad:<\/strong>\u00a0Pamplona<\/li>\n<li><strong>Comarca Geogr\u00e1fica:<\/strong>\u00a0Malerreka<\/li>\n<li><strong>Poblaci\u00f3n en 2009:<\/strong>\u00a0434<\/li>\n<li><strong>Superficie:<\/strong>\u00a023,8\u00a0<abbr title=\"Kil\u00f3metros\">Km<\/abbr><\/li>\n<li><strong>Densidad de poblaci\u00f3n:<\/strong>\u00a017,39<\/li>\n<li><strong>Altitud en el Ayuntamiento:<\/strong>\u00a0177 metros<\/li>\n<li><strong>Distancia a Pamplona:<\/strong>\u00a050<\/li>\n<li><strong>Comunicaciones\/Carreteras de acceso:<\/strong><\/li>\n<\/ul>\n<ol start=\"1\">\n<li>Pamplona\/Santesteban, NA-121-A.<\/li>\n<li>Por la NA-121-A Ir\u00fan\/Santestebasn.<\/li>\n<li>De Santesteban a 3\u00a0<abbr title=\"Kil\u00f3metros\">Km.<\/abbr><\/li>\n<\/ol>\n<ul>\n<li><strong>Gentilicio:<\/strong>\u00a0Donamariarra.<\/li>\n<\/ul>\n<p><\/p>","protected":false},"excerpt":{"rendered":"<p>Horario de las oficinas: Lunes: 12:00h. \u00a0a 15:00h Mi\u00e9rcoles: 11:00h a 15:00h Viernes: 12:00h a\u00a0 15:00h Direcci\u00f3n: Uxarrea auzoa 77-P01 (Herriko Etxea). 31750 Donamar\u00eda (Navarra) Tel\u00e9fono: 948 45 01 27 E-mail: udala@donamaria.eus Alcalde\/Alcaldesa: Natalia Rekarte Oteiza. Herriarengatik. Telefono: 722722163 E-mail:&hellip; <\/p>\n","protected":false},"author":2,"featured_media":7332,"parent":0,"menu_order":0,"comment_status":"closed","ping_status":"closed","template":"","meta":{"_monsterinsights_skip_tracking":false,"_monsterinsights_sitenote_active":false,"_monsterinsights_sitenote_note":"","_monsterinsights_sitenote_category":0,"footnotes":""},"class_list":["post-8","page","type-page","status-publish","has-post-thumbnail","hentry"],"yoast_head":"<!-- This site is optimized with the Yoast SEO plugin v26.8 - https:\/\/yoast.com\/product\/yoast-seo-wordpress\/ -->\r\n<title>Ayuntamiento - Ayuntamiento de Donamaria<\/title>\r\n<meta name=\"robots\" content=\"index, follow, max-snippet:-1, max-image-preview:large, max-video-preview:-1\" \/>\r\n<link rel=\"canonical\" href=\"http:\/\/www.donamaria.eus\/es\/udala\/\" \/>\r\n<meta property=\"og:locale\" content=\"es_ES\" \/>\r\n<meta property=\"og:type\" content=\"article\" \/>\r\n<meta property=\"og:title\" content=\"Ayuntamiento - Ayuntamiento de Donamaria\" \/>\r\n<meta property=\"og:description\" content=\"Horario de las oficinas: Lunes: 12:00h. \u00a0a 15:00h Mi\u00e9rcoles: 11:00h a 15:00h Viernes: 12:00h a\u00a0 15:00h Direcci\u00f3n: Uxarrea auzoa 77-P01 (Herriko Etxea). 31750 Donamar\u00eda (Navarra) Tel\u00e9fono: 948 45 01 27 E-mail: udala@donamaria.eus Alcalde\/Alcaldesa: Natalia Rekarte Oteiza. Herriarengatik. Telefono: 722722163 E-mail:&hellip;\" \/>\r\n<meta property=\"og:url\" content=\"http:\/\/www.donamaria.eus\/es\/udala\/\" \/>\r\n<meta property=\"og:site_name\" content=\"Ayuntamiento de Donamaria\" \/>\r\n<meta property=\"article:modified_time\" content=\"2026-03-23T12:51:14+00:00\" \/>\r\n<meta property=\"og:image\" content=\"http:\/\/www.donamaria.eus\/wp-content\/uploads\/sites\/17\/2017\/08\/slider3.jpg\" \/>\r\n\t<meta property=\"og:image:width\" content=\"1018\" \/>\r\n\t<meta property=\"og:image:height\" content=\"275\" \/>\r\n\t<meta property=\"og:image:type\" content=\"image\/jpeg\" \/>\r\n<meta name=\"twitter:card\" content=\"summary_large_image\" \/>\r\n<meta name=\"twitter:label1\" content=\"Tiempo de lectura\" \/>\n\t<meta name=\"twitter:data1\" content=\"1 minuto\" \/>\r\n<script type=\"application\/ld+json\" class=\"yoast-schema-graph\">{\"@context\":\"https:\/\/schema.org\",\"@graph\":[{\"@type\":\"WebPage\",\"@id\":\"http:\/\/www.donamaria.eus\/es\/udala\/\",\"url\":\"http:\/\/www.donamaria.eus\/es\/udala\/\",\"name\":\"Ayuntamiento - Ayuntamiento de Donamaria\",\"isPartOf\":{\"@id\":\"http:\/\/www.donamaria.eus\/es\/#website\"},\"primaryImageOfPage\":{\"@id\":\"http:\/\/www.donamaria.eus\/es\/udala\/#primaryimage\"},\"image\":{\"@id\":\"http:\/\/www.donamaria.eus\/udala\/#primaryimage\"},\"thumbnailUrl\":\"http:\/\/www.donamaria.eus\/wp-content\/uploads\/sites\/17\/2017\/08\/slider3.jpg\",\"datePublished\":\"2017-08-22T08:30:16+00:00\",\"dateModified\":\"2026-03-23T12:51:14+00:00\",\"breadcrumb\":{\"@id\":\"http:\/\/www.donamaria.eus\/es\/udala\/#breadcrumb\"},\"inLanguage\":\"es\",\"potentialAction\":[{\"@type\":\"ReadAction\",\"target\":[[\"http:\/\/www.donamaria.eus\/es\/udala\/\"]]}]},{\"@type\":\"ImageObject\",\"inLanguage\":\"es\",\"@id\":\"http:\/\/www.donamaria.eus\/es\/udala\/#primaryimage\",\"url\":\"http:\/\/www.donamaria.eus\/wp-content\/uploads\/sites\/17\/2017\/08\/slider3.jpg\",\"contentUrl\":\"http:\/\/www.donamaria.eus\/wp-content\/uploads\/sites\/17\/2017\/08\/slider3.jpg\",\"width\":1018,\"height\":275},{\"@type\":\"BreadcrumbList\",\"@id\":\"http:\/\/www.donamaria.eus\/es\/udala\/#breadcrumb\",\"itemListElement\":[{\"@type\":\"ListItem\",\"position\":1,\"name\":\"Home\",\"item\":\"http:\/\/www.donamaria.eus\/es\/\"},{\"@type\":\"ListItem\",\"position\":2,\"name\":\"Ayuntamiento\"}]},{\"@type\":\"WebSite\",\"@id\":\"http:\/\/www.donamaria.eus\/es\/#website\",\"url\":\"http:\/\/www.donamaria.eus\/es\/\",\"name\":\"Ayuntamiento de Donamaria\",\"description\":\"\",\"potentialAction\":[{\"@type\":\"SearchAction\",\"target\":{\"@type\":\"EntryPoint\",\"urlTemplate\":\"http:\/\/www.donamaria.eus\/es\/?s={search_term_string}\"},\"query-input\":{\"@type\":\"PropertyValueSpecification\",\"valueRequired\":true,\"valueName\":\"search_term_string\"}}],\"inLanguage\":\"es\"}]}<\/script>\r\n<!-- \/ Yoast SEO plugin. -->","yoast_head_json":{"title":"Ayuntamiento - Ayuntamiento de Donamaria","robots":{"index":"index","follow":"follow","max-snippet":"max-snippet:-1","max-image-preview":"max-image-preview:large","max-video-preview":"max-video-preview:-1"},"canonical":"http:\/\/www.donamaria.eus\/es\/udala\/","og_locale":"es_ES","og_type":"article","og_title":"Ayuntamiento - Ayuntamiento de Donamaria","og_description":"Horario de las oficinas: Lunes: 12:00h. \u00a0a 15:00h Mi\u00e9rcoles: 11:00h a 15:00h Viernes: 12:00h a\u00a0 15:00h Direcci\u00f3n: Uxarrea auzoa 77-P01 (Herriko Etxea). 31750 Donamar\u00eda (Navarra) Tel\u00e9fono: 948 45 01 27 E-mail: udala@donamaria.eus Alcalde\/Alcaldesa: Natalia Rekarte Oteiza. Herriarengatik. Telefono: 722722163 E-mail:&hellip;","og_url":"http:\/\/www.donamaria.eus\/es\/udala\/","og_site_name":"Ayuntamiento de Donamaria","article_modified_time":"2026-03-23T12:51:14+00:00","og_image":[{"width":1018,"height":275,"url":"http:\/\/www.donamaria.eus\/wp-content\/uploads\/sites\/17\/2017\/08\/slider3.jpg","type":"image\/jpeg"}],"twitter_card":"summary_large_image","twitter_misc":{"Tiempo de lectura":"1 minuto"},"schema":{"@context":"https:\/\/schema.org","@graph":[{"@type":"WebPage","@id":"http:\/\/www.donamaria.eus\/es\/udala\/","url":"http:\/\/www.donamaria.eus\/es\/udala\/","name":"Ayuntamiento - Ayuntamiento de Donamaria","isPartOf":{"@id":"http:\/\/www.donamaria.eus\/es\/#website"},"primaryImageOfPage":{"@id":"http:\/\/www.donamaria.eus\/es\/udala\/#primaryimage"},"image":{"@id":"http:\/\/www.donamaria.eus\/udala\/#primaryimage"},"thumbnailUrl":"http:\/\/www.donamaria.eus\/wp-content\/uploads\/sites\/17\/2017\/08\/slider3.jpg","datePublished":"2017-08-22T08:30:16+00:00","dateModified":"2026-03-23T12:51:14+00:00","breadcrumb":{"@id":"http:\/\/www.donamaria.eus\/es\/udala\/#breadcrumb"},"inLanguage":"es","potentialAction":[{"@type":"ReadAction","target":[["http:\/\/www.donamaria.eus\/es\/udala\/"]]}]},{"@type":"ImageObject","inLanguage":"es","@id":"http:\/\/www.donamaria.eus\/es\/udala\/#primaryimage","url":"http:\/\/www.donamaria.eus\/wp-content\/uploads\/sites\/17\/2017\/08\/slider3.jpg","contentUrl":"http:\/\/www.donamaria.eus\/wp-content\/uploads\/sites\/17\/2017\/08\/slider3.jpg","width":1018,"height":275},{"@type":"BreadcrumbList","@id":"http:\/\/www.donamaria.eus\/es\/udala\/#breadcrumb","itemListElement":[{"@type":"ListItem","position":1,"name":"Home","item":"http:\/\/www.donamaria.eus\/es\/"},{"@type":"ListItem","position":2,"name":"Ayuntamiento"}]},{"@type":"WebSite","@id":"http:\/\/www.donamaria.eus\/es\/#website","url":"http:\/\/www.donamaria.eus\/es\/","name":"Ayuntamiento de Donamaria","description":"","potentialAction":[{"@type":"SearchAction","target":{"@type":"EntryPoint","urlTemplate":"http:\/\/www.donamaria.eus\/es\/?s={search_term_string}"},"query-input":{"@type":"PropertyValueSpecification","valueRequired":true,"valueName":"search_term_string"}}],"inLanguage":"es"}]}},"_links":{"self":[{"href":"http:\/\/www.donamaria.eus\/es\/wp-json\/wp\/v2\/pages\/8","targetHints":{"allow":["GET"]}}],"collection":[{"href":"http:\/\/www.donamaria.eus\/es\/wp-json\/wp\/v2\/pages"}],"about":[{"href":"http:\/\/www.donamaria.eus\/es\/wp-json\/wp\/v2\/types\/page"}],"author":[{"embeddable":true,"href":"http:\/\/www.donamaria.eus\/es\/wp-json\/wp\/v2\/users\/2"}],"replies":[{"embeddable":true,"href":"http:\/\/www.donamaria.eus\/es\/wp-json\/wp\/v2\/comments?post=8"}],"version-history":[{"count":28,"href":"http:\/\/www.donamaria.eus\/es\/wp-json\/wp\/v2\/pages\/8\/revisions"}],"predecessor-version":[{"id":8924,"href":"http:\/\/www.donamaria.eus\/es\/wp-json\/wp\/v2\/pages\/8\/revisions\/8924"}],"wp:featuredmedia":[{"embeddable":true,"href":"http:\/\/www.donamaria.eus\/es\/wp-json\/wp\/v2\/media\/7332"}],"wp:attachment":[{"href":"http:\/\/www.donamaria.eus\/es\/wp-json\/wp\/v2\/media?parent=8"}],"curies":[{"name":"wp","href":"https:\/\/api.w.org\/{rel}","templated":true}]}}